{"id":440,"date":"2017-03-29T19:45:11","date_gmt":"2017-03-29T19:45:11","guid":{"rendered":"http:\/\/la-rechapee-belle.com\/?page_id=440"},"modified":"2017-03-29T20:23:20","modified_gmt":"2017-03-29T20:23:20","slug":"protection-des-donnees","status":"publish","type":"page","link":"https:\/\/la-rechapee-belle.com\/index.php\/protection-des-donnees\/","title":{"rendered":"Protection des donn\u00e9es"},"content":{"rendered":"<p>Sur La Rechap\u00e9e Belle, aucune information personnelle n\u2019est collect\u00e9e \u00e0 votre insu et ne sera c\u00e9d\u00e9e \u00e0 un tiers.<\/p>\n<p>Les informations que vous nous transmettez via notre formulaire de contact nous permettent juste de r\u00e9pondre \u00e0 vos demandes d&rsquo;informations et\/ou de vous recontacter selon votre demande. Ces informations sont destin\u00e9es exclusivement \u00e0 La Rechap\u00e9e Belle, elles ne seront ni vendues ni transmises \u00e0 des tiers.<br \/>\nSi vous choisissez de vous abonner \u00e0 notre newsletter, vous aurez la possibilit\u00e9 de vous d\u00e9sinscrire \u00e0 n&rsquo;importe quel moment via le lien de d\u00e9sinscription pr\u00e9sent \u00e0 la fin du document conform\u00e9ment \u00e0 la r\u00e9glementation ou par le bais de notre formulaires de contact.<br \/>\nEn outre vous disposez d\u2019un droit d\u2019acc\u00e8s, de modification et de suppression des donn\u00e9es qui vous concernent (art. 34 de la loi informatique et libert\u00e9s).<br \/>\nDans tous les cas, ces informations ne sont utilis\u00e9es qu&rsquo;en interne et ne seront aucunement c\u00e9d\u00e9es \u00e0 des tiers. De plus le site La Rechap\u00e9e Belle n&rsquo;utilise pas de cookies.<\/p>\n<p>Pour toute demande d&rsquo;informations, nous vous prions de passer par le formulaire de contact\u00a0pr\u00e9sent sur la page d&rsquo;accueil.<\/p>\n","protected":false},"excerpt":{"rendered":"<p>Sur La Rechap\u00e9e Belle, aucune information personnelle n\u2019est collect\u00e9e \u00e0 votre insu et ne sera c\u00e9d\u00e9e \u00e0 un tiers. Les informations que vous nous transmettez via notre formulaire de contact nous permettent juste de r\u00e9pondre \u00e0 vos demandes d&rsquo;informations et\/ou<\/p>\n","protected":false},"author":1,"featured_media":0,"parent":0,"menu_order":0,"comment_status":"closed","ping_status":"closed","template":"","meta":{"_monsterinsights_skip_tracking":false,"_monsterinsights_sitenote_active":false,"_monsterinsights_sitenote_note":"","_monsterinsights_sitenote_category":0,"_uf_show_specific_survey":0,"_uf_disable_surveys":false,"jetpack_post_was_ever_published":false,"footnotes":""},"class_list":["post-440","page","type-page","status-publish","hentry"],"aioseo_notices":[],"jetpack_sharing_enabled":true,"jetpack_shortlink":"https:\/\/wp.me\/P8CAD0-76","jetpack_likes_enabled":true,"jetpack-related-posts":[],"_links":{"self":[{"href":"https:\/\/la-rechapee-belle.com\/index.php\/wp-json\/wp\/v2\/pages\/440","targetHints":{"allow":["GET"]}}],"collection":[{"href":"https:\/\/la-rechapee-belle.com\/index.php\/wp-json\/wp\/v2\/pages"}],"about":[{"href":"https:\/\/la-rechapee-belle.com\/index.php\/wp-json\/wp\/v2\/types\/page"}],"author":[{"embeddable":true,"href":"https:\/\/la-rechapee-belle.com\/index.php\/wp-json\/wp\/v2\/users\/1"}],"replies":[{"embeddable":true,"href":"https:\/\/la-rechapee-belle.com\/index.php\/wp-json\/wp\/v2\/comments?post=440"}],"version-history":[{"count":2,"href":"https:\/\/la-rechapee-belle.com\/index.php\/wp-json\/wp\/v2\/pages\/440\/revisions"}],"predecessor-version":[{"id":446,"href":"https:\/\/la-rechapee-belle.com\/index.php\/wp-json\/wp\/v2\/pages\/440\/revisions\/446"}],"wp:attachment":[{"href":"https:\/\/la-rechapee-belle.com\/index.php\/wp-json\/wp\/v2\/media?parent=440"}],"curies":[{"name":"wp","href":"https:\/\/api.w.org\/{rel}","templated":true}]}}