{"id":438,"date":"2017-03-29T19:40:31","date_gmt":"2017-03-29T19:40:31","guid":{"rendered":"http:\/\/la-rechapee-belle.com\/?page_id=438"},"modified":"2022-06-25T11:15:23","modified_gmt":"2022-06-25T11:15:23","slug":"mentions-legales","status":"publish","type":"page","link":"https:\/\/la-rechapee-belle.com\/index.php\/mentions-legales\/","title":{"rendered":"Mentions l\u00e9gales"},"content":{"rendered":"<p>En vertu de l\u2019article 6 de la loi n\u00b0 2004-575 du 21 juin 2004 pour la confiance dans l\u2019\u00e9conomie num\u00e9rique (LCEN), il est pr\u00e9cis\u00e9 aux utilisateurs du site la-rechapee-belle.com, que ce site a \u00e9t\u00e9 cr\u00e9\u00e9 par\u00a0Isabelle Fabbro, 6 La Ville Gu\u00e9 56120 LANTILLAC, num\u00e9ro de Siret 847 899 291 00037<\/p>\n<p><strong>Droits d\u2019auteur et propri\u00e9t\u00e9 intellectuelle :<\/strong><\/p>\n<p>Le site www.la-rechapee-belle.com, ainsi que tous les \u00e9l\u00e9ments le composant comme la structure g\u00e9n\u00e9rale, les textes, photos*, images sont la propri\u00e9t\u00e9 exclusive de Isabelle Fabbro. Ils sont prot\u00e9g\u00e9s par le Code de la propri\u00e9t\u00e9 intellectuelle. Toute reproduction, totale ou partielle, et toute repr\u00e9sentation du contenu substantiel de ce site, d\u2019un ou de plusieurs de ses composants, par quelque proc\u00e9d\u00e9 que ce soit, sans autorisation expresse de La Rechap\u00e9e Belle, est interdite et constitue une contrefa\u00e7on sanctionn\u00e9e par les articles L.335-2 et suivants du Code de la propri\u00e9t\u00e9 intellectuelle. De m\u00eame que la cr\u00e9ation de lien hypertexte renvoyant au site www.la-rechapee-belle.com\u00a0ou \u00e0 l\u2019une de ses pages n\u2019est autoris\u00e9e qu\u2019\u00e0 la condition d\u2019avoir recueilli l\u2019accord express, \u00e9crit et pr\u00e9alable de sa propri\u00e9taire. Tout lien hypertexte pr\u00e9sent sur le site www.la-rechapee-belle.com\u00a0renvoyant vers d\u2019autres sites web ou tout autre page du r\u00e9seau Internet ne saurait engager notre responsabilit\u00e9.<br \/>\n*sauf mention contraire et\/ou autorisation expresse obtenue de la part de leur auteur.<\/p>\n<p><strong>H\u00e9bergement :<\/strong><\/p>\n<p>Le site La Rechap\u00e9e Belle est h\u00e9berg\u00e9 chez Hostgator.<\/p>\n<p>Pour toute demande d&rsquo;informations, nous vous prions de passer par le formulaire de contact<a href=\"http:\/\/www.hopladeal.com\/fr\/nous-contacter\/\" target=\"_blank\" rel=\"noopener\" data-saferedirecturl=\"https:\/\/www.google.com\/url?hl=fr&amp;q=http:\/\/www.hopladeal.com\/fr\/nous-contacter\/&amp;source=gmail&amp;ust=1490902176916000&amp;usg=AFQjCNHElwiFXtPO6U9Wxma0IQN_eKYNuw\">\u00a0<\/a>pr\u00e9sent sur la page d&rsquo;accueil.<\/p>\n<p>La Rechap\u00e9e Belle ne peut pas \u00eatre tenue pour responsable de la transmission d\u00e9fectueuse des donn\u00e9es dues aux divers r\u00e9seaux de l\u2019Internet ou aux incompatibilit\u00e9s dues au Navigateur de l\u2019Utilisateur.<\/p>\n","protected":false},"excerpt":{"rendered":"<p>En vertu de l\u2019article 6 de la loi n\u00b0 2004-575 du 21 juin 2004 pour la confiance dans l\u2019\u00e9conomie num\u00e9rique (LCEN), il est pr\u00e9cis\u00e9 aux utilisateurs du site la-rechapee-belle.com, que ce site a \u00e9t\u00e9 cr\u00e9\u00e9 par\u00a0Isabelle Fabbro, 6 La Ville<\/p>\n","protected":false},"author":1,"featured_media":0,"parent":0,"menu_order":0,"comment_status":"closed","ping_status":"closed","template":"","meta":{"_monsterinsights_skip_tracking":false,"_monsterinsights_sitenote_active":false,"_monsterinsights_sitenote_note":"","_monsterinsights_sitenote_category":0,"_uf_show_specific_survey":0,"_uf_disable_surveys":false,"jetpack_post_was_ever_published":false,"footnotes":""},"class_list":["post-438","page","type-page","status-publish","hentry"],"aioseo_notices":[],"jetpack_sharing_enabled":true,"jetpack_shortlink":"https:\/\/wp.me\/P8CAD0-74","jetpack_likes_enabled":true,"jetpack-related-posts":[],"_links":{"self":[{"href":"https:\/\/la-rechapee-belle.com\/index.php\/wp-json\/wp\/v2\/pages\/438","targetHints":{"allow":["GET"]}}],"collection":[{"href":"https:\/\/la-rechapee-belle.com\/index.php\/wp-json\/wp\/v2\/pages"}],"about":[{"href":"https:\/\/la-rechapee-belle.com\/index.php\/wp-json\/wp\/v2\/types\/page"}],"author":[{"embeddable":true,"href":"https:\/\/la-rechapee-belle.com\/index.php\/wp-json\/wp\/v2\/users\/1"}],"replies":[{"embeddable":true,"href":"https:\/\/la-rechapee-belle.com\/index.php\/wp-json\/wp\/v2\/comments?post=438"}],"version-history":[{"count":3,"href":"https:\/\/la-rechapee-belle.com\/index.php\/wp-json\/wp\/v2\/pages\/438\/revisions"}],"predecessor-version":[{"id":1097,"href":"https:\/\/la-rechapee-belle.com\/index.php\/wp-json\/wp\/v2\/pages\/438\/revisions\/1097"}],"wp:attachment":[{"href":"https:\/\/la-rechapee-belle.com\/index.php\/wp-json\/wp\/v2\/media?parent=438"}],"curies":[{"name":"wp","href":"https:\/\/api.w.org\/{rel}","templated":true}]}}