{"id":331,"date":"2017-03-17T22:47:40","date_gmt":"2017-03-17T22:47:40","guid":{"rendered":"http:\/\/la-rechapee-belle.com\/?page_id=331"},"modified":"2018-04-05T12:39:18","modified_gmt":"2018-04-05T12:39:18","slug":"bracelets","status":"publish","type":"page","link":"https:\/\/la-rechapee-belle.com\/index.php\/bijoux-en-chambre-a-air\/bracelets\/","title":{"rendered":"Bracelets &#8211; La Rechap\u00e9e Belle"},"content":{"rendered":"<div id=\"pl-331\"  class=\"panel-layout\" ><div id=\"pg-331-0\"  class=\"panel-grid panel-no-style\" ><div id=\"pgc-331-0-0\"  class=\"panel-grid-cell\" ><div id=\"panel-331-0-0-0\" class=\"so-panel widget widget_sow-image panel-first-child panel-last-child\" data-index=\"0\" ><div\n\t\t\t\n\t\t\tclass=\"so-widget-sow-image so-widget-sow-image-default-8b5b6f678277-331\"\n\t\t\t\n\t\t>\n<div class=\"sow-image-container\">\n\t\t<img \n\tsrc=\"https:\/\/i0.wp.com\/la-rechapee-belle.com\/wp-content\/uploads\/2018\/02\/bracelet-chambre-a-air-fleurs.jpg?fit=910%2C1500&amp;ssl=1\" width=\"910\" height=\"1500\" srcset=\"https:\/\/i0.wp.com\/la-rechapee-belle.com\/wp-content\/uploads\/2018\/02\/bracelet-chambre-a-air-fleurs.jpg?w=910&amp;ssl=1 910w, https:\/\/i0.wp.com\/la-rechapee-belle.com\/wp-content\/uploads\/2018\/02\/bracelet-chambre-a-air-fleurs.jpg?resize=182%2C300&amp;ssl=1 182w, https:\/\/i0.wp.com\/la-rechapee-belle.com\/wp-content\/uploads\/2018\/02\/bracelet-chambre-a-air-fleurs.jpg?resize=768%2C1266&amp;ssl=1 768w, https:\/\/i0.wp.com\/la-rechapee-belle.com\/wp-content\/uploads\/2018\/02\/bracelet-chambre-a-air-fleurs.jpg?resize=621%2C1024&amp;ssl=1 621w, https:\/\/i0.wp.com\/la-rechapee-belle.com\/wp-content\/uploads\/2018\/02\/bracelet-chambre-a-air-fleurs.jpg?resize=600%2C989&amp;ssl=1 600w\" title=\"Fleurs - 15 \u20ac\" alt=\"\" \t\tclass=\"so-widget-image\"\/>\n\t<\/div>\n\n<\/div><\/div><\/div><div id=\"pgc-331-0-1\"  class=\"panel-grid-cell\" ><div id=\"panel-331-0-1-0\" class=\"so-panel widget widget_sow-image panel-first-child\" data-index=\"1\" ><div\n\t\t\t\n\t\t\tclass=\"so-widget-sow-image so-widget-sow-image-default-8b5b6f678277-331\"\n\t\t\t\n\t\t>\n<div class=\"sow-image-container\">\n\t\t<img \n\tsrc=\"https:\/\/i0.wp.com\/la-rechapee-belle.com\/wp-content\/uploads\/2018\/02\/bracelet-CHAMBRE-A-AIR-SEVENTIES.jpg?fit=600%2C449&amp;ssl=1\" width=\"600\" height=\"449\" srcset=\"https:\/\/i0.wp.com\/la-rechapee-belle.com\/wp-content\/uploads\/2018\/02\/bracelet-CHAMBRE-A-AIR-SEVENTIES.jpg?w=600&amp;ssl=1 600w, https:\/\/i0.wp.com\/la-rechapee-belle.com\/wp-content\/uploads\/2018\/02\/bracelet-CHAMBRE-A-AIR-SEVENTIES.jpg?resize=300%2C225&amp;ssl=1 300w\" title=\"Seventies - 15 \u20ac\" alt=\"\" \t\tclass=\"so-widget-image\"\/>\n\t<\/div>\n\n<\/div><\/div><div id=\"panel-331-0-1-1\" class=\"so-panel widget widget_sow-image panel-last-child\" data-index=\"2\" ><div\n\t\t\t\n\t\t\tclass=\"so-widget-sow-image so-widget-sow-image-default-8b5b6f678277-331\"\n\t\t\t\n\t\t>\n<div class=\"sow-image-container\">\n\t\t<img \n\tsrc=\"https:\/\/i0.wp.com\/la-rechapee-belle.com\/wp-content\/uploads\/2018\/02\/bracelet-chambre-a-air-fleche.jpg?fit=1500%2C1000&amp;ssl=1\" width=\"1500\" height=\"1000\" srcset=\"https:\/\/i0.wp.com\/la-rechapee-belle.com\/wp-content\/uploads\/2018\/02\/bracelet-chambre-a-air-fleche.jpg?w=1500&amp;ssl=1 1500w, https:\/\/i0.wp.com\/la-rechapee-belle.com\/wp-content\/uploads\/2018\/02\/bracelet-chambre-a-air-fleche.jpg?resize=300%2C200&amp;ssl=1 300w, https:\/\/i0.wp.com\/la-rechapee-belle.com\/wp-content\/uploads\/2018\/02\/bracelet-chambre-a-air-fleche.jpg?resize=768%2C512&amp;ssl=1 768w, https:\/\/i0.wp.com\/la-rechapee-belle.com\/wp-content\/uploads\/2018\/02\/bracelet-chambre-a-air-fleche.jpg?resize=1024%2C683&amp;ssl=1 1024w, https:\/\/i0.wp.com\/la-rechapee-belle.com\/wp-content\/uploads\/2018\/02\/bracelet-chambre-a-air-fleche.jpg?resize=600%2C400&amp;ssl=1 600w, https:\/\/i0.wp.com\/la-rechapee-belle.com\/wp-content\/uploads\/2018\/02\/bracelet-chambre-a-air-fleche.jpg?resize=272%2C182&amp;ssl=1 272w\" title=\"Fl\u00e8che - 15 \u20ac\" alt=\"\" \t\tclass=\"so-widget-image\"\/>\n\t<\/div>\n\n<\/div><\/div><\/div><div id=\"pgc-331-0-2\"  class=\"panel-grid-cell\" ><div id=\"panel-331-0-2-0\" class=\"so-panel widget widget_sow-image panel-first-child panel-last-child\" data-index=\"3\" ><div\n\t\t\t\n\t\t\tclass=\"so-widget-sow-image so-widget-sow-image-default-8b5b6f678277-331\"\n\t\t\t\n\t\t>\n<div class=\"sow-image-container\">\n\t\t<img \n\tsrc=\"https:\/\/i0.wp.com\/la-rechapee-belle.com\/wp-content\/uploads\/2018\/02\/bracelet-chambre-a-air-homme-triangles.jpg?fit=800%2C1200&amp;ssl=1\" width=\"800\" height=\"1200\" srcset=\"https:\/\/i0.wp.com\/la-rechapee-belle.com\/wp-content\/uploads\/2018\/02\/bracelet-chambre-a-air-homme-triangles.jpg?w=800&amp;ssl=1 800w, https:\/\/i0.wp.com\/la-rechapee-belle.com\/wp-content\/uploads\/2018\/02\/bracelet-chambre-a-air-homme-triangles.jpg?resize=200%2C300&amp;ssl=1 200w, https:\/\/i0.wp.com\/la-rechapee-belle.com\/wp-content\/uploads\/2018\/02\/bracelet-chambre-a-air-homme-triangles.jpg?resize=768%2C1152&amp;ssl=1 768w, https:\/\/i0.wp.com\/la-rechapee-belle.com\/wp-content\/uploads\/2018\/02\/bracelet-chambre-a-air-homme-triangles.jpg?resize=683%2C1024&amp;ssl=1 683w, https:\/\/i0.wp.com\/la-rechapee-belle.com\/wp-content\/uploads\/2018\/02\/bracelet-chambre-a-air-homme-triangles.jpg?resize=600%2C900&amp;ssl=1 600w\" title=\"Hom - 15 \u20ac\" alt=\"\" \t\tclass=\"so-widget-image\"\/>\n\t<\/div>\n\n<\/div><\/div><\/div><\/div><div id=\"pg-331-1\"  class=\"panel-grid panel-no-style\" ><div id=\"pgc-331-1-0\"  class=\"panel-grid-cell\" ><div id=\"panel-331-1-0-0\" class=\"so-panel widget widget_sow-image panel-first-child\" data-index=\"4\" ><div\n\t\t\t\n\t\t\tclass=\"so-widget-sow-image so-widget-sow-image-default-8b5b6f678277-331\"\n\t\t\t\n\t\t>\n<div class=\"sow-image-container\">\n\t\t<img \n\tsrc=\"https:\/\/i0.wp.com\/la-rechapee-belle.com\/wp-content\/uploads\/2018\/02\/bracelet-chambre-a-air-DENTELLE.jpg?fit=600%2C400&amp;ssl=1\" width=\"600\" height=\"400\" srcset=\"https:\/\/i0.wp.com\/la-rechapee-belle.com\/wp-content\/uploads\/2018\/02\/bracelet-chambre-a-air-DENTELLE.jpg?w=600&amp;ssl=1 600w, https:\/\/i0.wp.com\/la-rechapee-belle.com\/wp-content\/uploads\/2018\/02\/bracelet-chambre-a-air-DENTELLE.jpg?resize=300%2C200&amp;ssl=1 300w, https:\/\/i0.wp.com\/la-rechapee-belle.com\/wp-content\/uploads\/2018\/02\/bracelet-chambre-a-air-DENTELLE.jpg?resize=272%2C182&amp;ssl=1 272w\" title=\"Dentelle - 15 \u20ac\" alt=\"\" \t\tclass=\"so-widget-image\"\/>\n\t<\/div>\n\n<\/div><\/div><div id=\"panel-331-1-0-1\" class=\"so-panel widget widget_sow-image panel-last-child\" data-index=\"5\" ><div\n\t\t\t\n\t\t\tclass=\"so-widget-sow-image so-widget-sow-image-default-8b5b6f678277-331\"\n\t\t\t\n\t\t>\n<div class=\"sow-image-container\">\n\t\t<img \n\tsrc=\"https:\/\/i0.wp.com\/la-rechapee-belle.com\/wp-content\/uploads\/2018\/02\/bracelet-chambre-a-air-brindilles-rond.jpg?fit=1000%2C1500&amp;ssl=1\" width=\"1000\" height=\"1500\" srcset=\"https:\/\/i0.wp.com\/la-rechapee-belle.com\/wp-content\/uploads\/2018\/02\/bracelet-chambre-a-air-brindilles-rond.jpg?w=1000&amp;ssl=1 1000w, https:\/\/i0.wp.com\/la-rechapee-belle.com\/wp-content\/uploads\/2018\/02\/bracelet-chambre-a-air-brindilles-rond.jpg?resize=200%2C300&amp;ssl=1 200w, https:\/\/i0.wp.com\/la-rechapee-belle.com\/wp-content\/uploads\/2018\/02\/bracelet-chambre-a-air-brindilles-rond.jpg?resize=768%2C1152&amp;ssl=1 768w, https:\/\/i0.wp.com\/la-rechapee-belle.com\/wp-content\/uploads\/2018\/02\/bracelet-chambre-a-air-brindilles-rond.jpg?resize=683%2C1024&amp;ssl=1 683w, https:\/\/i0.wp.com\/la-rechapee-belle.com\/wp-content\/uploads\/2018\/02\/bracelet-chambre-a-air-brindilles-rond.jpg?resize=600%2C900&amp;ssl=1 600w\" title=\"Brindilles oval - 15 \u20ac\" alt=\"\" \t\tclass=\"so-widget-image\"\/>\n\t<\/div>\n\n<\/div><\/div><\/div><div id=\"pgc-331-1-1\"  class=\"panel-grid-cell\" ><div id=\"panel-331-1-1-0\" class=\"so-panel widget widget_sow-image panel-first-child\" data-index=\"6\" ><div\n\t\t\t\n\t\t\tclass=\"so-widget-sow-image so-widget-sow-image-default-8b5b6f678277-331\"\n\t\t\t\n\t\t>\n<div class=\"sow-image-container\">\n\t\t<img \n\tsrc=\"https:\/\/i0.wp.com\/la-rechapee-belle.com\/wp-content\/uploads\/2018\/02\/bracelet-chambre-a-air-brindilles-large.jpg?fit=1001%2C1500&amp;ssl=1\" width=\"1001\" height=\"1500\" srcset=\"https:\/\/i0.wp.com\/la-rechapee-belle.com\/wp-content\/uploads\/2018\/02\/bracelet-chambre-a-air-brindilles-large.jpg?w=1001&amp;ssl=1 1001w, https:\/\/i0.wp.com\/la-rechapee-belle.com\/wp-content\/uploads\/2018\/02\/bracelet-chambre-a-air-brindilles-large.jpg?resize=200%2C300&amp;ssl=1 200w, https:\/\/i0.wp.com\/la-rechapee-belle.com\/wp-content\/uploads\/2018\/02\/bracelet-chambre-a-air-brindilles-large.jpg?resize=768%2C1151&amp;ssl=1 768w, https:\/\/i0.wp.com\/la-rechapee-belle.com\/wp-content\/uploads\/2018\/02\/bracelet-chambre-a-air-brindilles-large.jpg?resize=683%2C1024&amp;ssl=1 683w, https:\/\/i0.wp.com\/la-rechapee-belle.com\/wp-content\/uploads\/2018\/02\/bracelet-chambre-a-air-brindilles-large.jpg?resize=600%2C899&amp;ssl=1 600w\" title=\"Brindilles large - 15 \u20ac\" alt=\"\" \t\tclass=\"so-widget-image\"\/>\n\t<\/div>\n\n<\/div><\/div><div id=\"panel-331-1-1-1\" class=\"so-panel widget widget_sow-image\" data-index=\"7\" ><div\n\t\t\t\n\t\t\tclass=\"so-widget-sow-image so-widget-sow-image-default-8b5b6f678277-331\"\n\t\t\t\n\t\t>\n<div class=\"sow-image-container\">\n\t\t<img \n\tsrc=\"https:\/\/i0.wp.com\/la-rechapee-belle.com\/wp-content\/uploads\/2018\/02\/bracelet-chambre-a-air-brindilles-fin.jpg?fit=600%2C400&amp;ssl=1\" width=\"600\" height=\"400\" srcset=\"https:\/\/i0.wp.com\/la-rechapee-belle.com\/wp-content\/uploads\/2018\/02\/bracelet-chambre-a-air-brindilles-fin.jpg?w=600&amp;ssl=1 600w, https:\/\/i0.wp.com\/la-rechapee-belle.com\/wp-content\/uploads\/2018\/02\/bracelet-chambre-a-air-brindilles-fin.jpg?resize=300%2C200&amp;ssl=1 300w, https:\/\/i0.wp.com\/la-rechapee-belle.com\/wp-content\/uploads\/2018\/02\/bracelet-chambre-a-air-brindilles-fin.jpg?resize=272%2C182&amp;ssl=1 272w\" title=\"Brindilles fin - 15 \u20ac\" alt=\"\" \t\tclass=\"so-widget-image\"\/>\n\t<\/div>\n\n<\/div><\/div><div id=\"panel-331-1-1-2\" class=\"so-panel widget widget_spacious_call_to_action_widget widget_call_to_action panel-last-child\" data-index=\"8\" >\t\t<div class=\"call-to-action-content-wrapper clearfix\">\r\n\t\t\t<div class=\"call-to-action-content\">\r\n\t\t\t\t\t\t\t<\/div>\r\n\t\t\t\t\t\t\t<a class=\"call-to-action-button\" href=\"http:\/\/la-rechapee-belle.com\/index.php\/accueil\/\" title=\"Nous contacter\">Nous contacter<\/a>\r\n\t\t\t\t\t\t<\/div>\r\n\t\t<\/div><\/div><\/div><div id=\"pg-331-2\"  class=\"panel-grid panel-no-style\" ><div id=\"pgc-331-2-0\"  class=\"panel-grid-cell\" ><div id=\"panel-331-2-0-0\" class=\"so-panel widget widget_sow-editor panel-first-child panel-last-child\" data-index=\"9\" ><div\n\t\t\t\n\t\t\tclass=\"so-widget-sow-editor so-widget-sow-editor-base\"\n\t\t\t\n\t\t>\n<div class=\"siteorigin-widget-tinymce textwidget\">\n\t<h3 style=\"text-align: center;\"><span style=\"color: #333300;\">Bracelets en chambres \u00e0 air recycl\u00e9es.<\/span><\/h3>\n<p style=\"text-align: center;\"><span style=\"color: #333300;\">Ces bracelets sont r\u00e9alis\u00e9s avec des chambres \u00e0 air de camions. Ils sont robustes (les chambres \u00e0 air ont plusieurs milliers de kilom\u00e8tres au compteur lorsqu'elles arrivent chez nous), souples et particuli\u00e8rement l\u00e9gers. Certains de ces mod\u00e8les peuvent \u00eatre assortis de colliers, de boucles d'oreilles ou les deux. Vous pourrez trouver ces articles en visitant les onglets colliers et boucles d'oreilles.<\/span><\/p>\n<p style=\"text-align: center;\"><span style=\"color: #0000ff;\"><em>Pour savoir quelle bijou commander et \u00e0 quel prix, il suffit de placer le curseur de votre souris sur\u00a0le mod\u00e8le choisi, et vous verrez appara\u00eetre son nom et son prix. Pour les bracelets, nous vous conseillons de mesurer le tour de votre poignet, et de nous indiquer la taille, nous ferons en fonction (nos tailles tiennent compte de la marge de confort). Ce site n'\u00e9tant (pour l'instant) pas un site marchand, contactez-nous gr\u00e2ce au <a href=\"http:\/\/la-rechapee-belle.com\/index.php\/accueil\/\">formulaire<\/a> pr\u00e9vu \u00e0 cet effet, et nous vous r\u00e9pondrons au plus vite.<\/em><\/span><\/p>\n<\/div>\n<\/div><\/div><\/div><\/div><\/div>","protected":false},"excerpt":{"rendered":"<p>Nous contacter Bracelets en chambres \u00e0 air recycl\u00e9es. Ces bracelets sont r\u00e9alis\u00e9s avec des chambres \u00e0 air de camions. Ils sont robustes (les chambres \u00e0 air ont plusieurs milliers de kilom\u00e8tres au compteur lorsqu&rsquo;elles arrivent chez nous), souples et particuli\u00e8rement<\/p>\n","protected":false},"author":1,"featured_media":0,"parent":60,"menu_order":0,"comment_status":"closed","ping_status":"closed","template":"","meta":{"_monsterinsights_skip_tracking":false,"_monsterinsights_sitenote_active":false,"_monsterinsights_sitenote_note":"","_monsterinsights_sitenote_category":0,"_uf_show_specific_survey":0,"_uf_disable_surveys":false,"jetpack_post_was_ever_published":false,"footnotes":""},"class_list":["post-331","page","type-page","status-publish","hentry"],"aioseo_notices":[],"jetpack_sharing_enabled":true,"jetpack_shortlink":"https:\/\/wp.me\/P8CAD0-5l","jetpack_likes_enabled":true,"jetpack-related-posts":[],"_links":{"self":[{"href":"https:\/\/la-rechapee-belle.com\/index.php\/wp-json\/wp\/v2\/pages\/331","targetHints":{"allow":["GET"]}}],"collection":[{"href":"https:\/\/la-rechapee-belle.com\/index.php\/wp-json\/wp\/v2\/pages"}],"about":[{"href":"https:\/\/la-rechapee-belle.com\/index.php\/wp-json\/wp\/v2\/types\/page"}],"author":[{"embeddable":true,"href":"https:\/\/la-rechapee-belle.com\/index.php\/wp-json\/wp\/v2\/users\/1"}],"replies":[{"embeddable":true,"href":"https:\/\/la-rechapee-belle.com\/index.php\/wp-json\/wp\/v2\/comments?post=331"}],"version-history":[{"count":39,"href":"https:\/\/la-rechapee-belle.com\/index.php\/wp-json\/wp\/v2\/pages\/331\/revisions"}],"predecessor-version":[{"id":826,"href":"https:\/\/la-rechapee-belle.com\/index.php\/wp-json\/wp\/v2\/pages\/331\/revisions\/826"}],"up":[{"embeddable":true,"href":"https:\/\/la-rechapee-belle.com\/index.php\/wp-json\/wp\/v2\/pages\/60"}],"wp:attachment":[{"href":"https:\/\/la-rechapee-belle.com\/index.php\/wp-json\/wp\/v2\/media?parent=331"}],"curies":[{"name":"wp","href":"https:\/\/api.w.org\/{rel}","templated":true}]}}