{"id":298,"date":"2017-03-17T10:17:09","date_gmt":"2017-03-17T10:17:09","guid":{"rendered":"http:\/\/la-rechapee-belle.com\/?page_id=298"},"modified":"2018-04-05T12:36:09","modified_gmt":"2018-04-05T12:36:09","slug":"boucles-doreilles","status":"publish","type":"page","link":"https:\/\/la-rechapee-belle.com\/index.php\/bijoux-en-chambre-a-air\/boucles-doreilles\/","title":{"rendered":"Boucles d&rsquo;oreilles en chambres \u00e0 air &#8211; La Rechap\u00e9e Belle"},"content":{"rendered":"<div id=\"pl-298\"  class=\"panel-layout\" ><div id=\"pg-298-0\"  class=\"panel-grid panel-no-style\" ><div id=\"pgc-298-0-0\"  class=\"panel-grid-cell\" ><div id=\"panel-298-0-0-0\" class=\"so-panel widget widget_sow-image panel-first-child\" data-index=\"0\" ><div\n\t\t\t\n\t\t\tclass=\"so-widget-sow-image so-widget-sow-image-default-8b5b6f678277-298\"\n\t\t\t\n\t\t>\n<div class=\"sow-image-container\">\n\t\t<img \n\tsrc=\"https:\/\/i0.wp.com\/la-rechapee-belle.com\/wp-content\/uploads\/2018\/02\/BO-chambre-a-air-VOLUTE.jpg?fit=600%2C400&amp;ssl=1\" width=\"600\" height=\"400\" srcset=\"https:\/\/i0.wp.com\/la-rechapee-belle.com\/wp-content\/uploads\/2018\/02\/BO-chambre-a-air-VOLUTE.jpg?w=600&amp;ssl=1 600w, https:\/\/i0.wp.com\/la-rechapee-belle.com\/wp-content\/uploads\/2018\/02\/BO-chambre-a-air-VOLUTE.jpg?resize=300%2C200&amp;ssl=1 300w, https:\/\/i0.wp.com\/la-rechapee-belle.com\/wp-content\/uploads\/2018\/02\/BO-chambre-a-air-VOLUTE.jpg?resize=272%2C182&amp;ssl=1 272w\" title=\"Volute - 12 \u20ac Disponibles en 2 tailles\" alt=\"\" \t\tclass=\"so-widget-image\"\/>\n\t<\/div>\n\n<\/div><\/div><div id=\"panel-298-0-0-1\" class=\"so-panel widget widget_sow-image panel-last-child\" data-index=\"1\" ><div\n\t\t\t\n\t\t\tclass=\"so-widget-sow-image so-widget-sow-image-default-8b5b6f678277-298\"\n\t\t\t\n\t\t>\n<div class=\"sow-image-container\">\n\t\t<img \n\tsrc=\"https:\/\/i0.wp.com\/la-rechapee-belle.com\/wp-content\/uploads\/2018\/02\/B.O.-chambre-a-air-ONDULATION.jpg?fit=600%2C400&amp;ssl=1\" width=\"600\" height=\"400\" srcset=\"https:\/\/i0.wp.com\/la-rechapee-belle.com\/wp-content\/uploads\/2018\/02\/B.O.-chambre-a-air-ONDULATION.jpg?w=600&amp;ssl=1 600w, https:\/\/i0.wp.com\/la-rechapee-belle.com\/wp-content\/uploads\/2018\/02\/B.O.-chambre-a-air-ONDULATION.jpg?resize=300%2C200&amp;ssl=1 300w, https:\/\/i0.wp.com\/la-rechapee-belle.com\/wp-content\/uploads\/2018\/02\/B.O.-chambre-a-air-ONDULATION.jpg?resize=272%2C182&amp;ssl=1 272w\" title=\"Ondulations - 12 \u20ac\" alt=\"\" \t\tclass=\"so-widget-image\"\/>\n\t<\/div>\n\n<\/div><\/div><\/div><div id=\"pgc-298-0-1\"  class=\"panel-grid-cell\" ><div id=\"panel-298-0-1-0\" class=\"so-panel widget widget_sow-image panel-first-child\" data-index=\"2\" ><div\n\t\t\t\n\t\t\tclass=\"so-widget-sow-image so-widget-sow-image-default-8b5b6f678277-298\"\n\t\t\t\n\t\t>\n<div class=\"sow-image-container\">\n\t\t<img \n\tsrc=\"https:\/\/i0.wp.com\/la-rechapee-belle.com\/wp-content\/uploads\/2018\/02\/B.O.chambre-a-air-Fleurs-New.jpg?fit=1200%2C800&amp;ssl=1\" width=\"1200\" height=\"800\" srcset=\"https:\/\/i0.wp.com\/la-rechapee-belle.com\/wp-content\/uploads\/2018\/02\/B.O.chambre-a-air-Fleurs-New.jpg?w=1200&amp;ssl=1 1200w, https:\/\/i0.wp.com\/la-rechapee-belle.com\/wp-content\/uploads\/2018\/02\/B.O.chambre-a-air-Fleurs-New.jpg?resize=300%2C200&amp;ssl=1 300w, https:\/\/i0.wp.com\/la-rechapee-belle.com\/wp-content\/uploads\/2018\/02\/B.O.chambre-a-air-Fleurs-New.jpg?resize=768%2C512&amp;ssl=1 768w, https:\/\/i0.wp.com\/la-rechapee-belle.com\/wp-content\/uploads\/2018\/02\/B.O.chambre-a-air-Fleurs-New.jpg?resize=1024%2C683&amp;ssl=1 1024w, https:\/\/i0.wp.com\/la-rechapee-belle.com\/wp-content\/uploads\/2018\/02\/B.O.chambre-a-air-Fleurs-New.jpg?resize=600%2C400&amp;ssl=1 600w, https:\/\/i0.wp.com\/la-rechapee-belle.com\/wp-content\/uploads\/2018\/02\/B.O.chambre-a-air-Fleurs-New.jpg?resize=272%2C182&amp;ssl=1 272w\" title=\"Fleurs New - 12 \u20ac\" alt=\"\" \t\tclass=\"so-widget-image\"\/>\n\t<\/div>\n\n<\/div><\/div><div id=\"panel-298-0-1-1\" class=\"so-panel widget widget_sow-image panel-last-child\" data-index=\"3\" ><div\n\t\t\t\n\t\t\tclass=\"so-widget-sow-image so-widget-sow-image-default-8b5b6f678277-298\"\n\t\t\t\n\t\t>\n<div class=\"sow-image-container\">\n\t\t<img \n\tsrc=\"https:\/\/i0.wp.com\/la-rechapee-belle.com\/wp-content\/uploads\/2018\/02\/B.O.-chambre-a-air-BRINDILLES-POINTE.jpg?fit=600%2C400&amp;ssl=1\" width=\"600\" height=\"400\" srcset=\"https:\/\/i0.wp.com\/la-rechapee-belle.com\/wp-content\/uploads\/2018\/02\/B.O.-chambre-a-air-BRINDILLES-POINTE.jpg?w=600&amp;ssl=1 600w, https:\/\/i0.wp.com\/la-rechapee-belle.com\/wp-content\/uploads\/2018\/02\/B.O.-chambre-a-air-BRINDILLES-POINTE.jpg?resize=300%2C200&amp;ssl=1 300w, https:\/\/i0.wp.com\/la-rechapee-belle.com\/wp-content\/uploads\/2018\/02\/B.O.-chambre-a-air-BRINDILLES-POINTE.jpg?resize=272%2C182&amp;ssl=1 272w\" title=\"Brindilles pointe - 12 \u20ac Disponibles en 2 tailles\" alt=\"\" \t\tclass=\"so-widget-image\"\/>\n\t<\/div>\n\n<\/div><\/div><\/div><\/div><div id=\"pg-298-1\"  class=\"panel-grid panel-no-style\" ><div id=\"pgc-298-1-0\"  class=\"panel-grid-cell\" ><div id=\"panel-298-1-0-0\" class=\"so-panel widget widget_sow-image panel-first-child panel-last-child\" data-index=\"4\" ><div\n\t\t\t\n\t\t\tclass=\"so-widget-sow-image so-widget-sow-image-default-8b5b6f678277-298\"\n\t\t\t\n\t\t>\n<div class=\"sow-image-container\">\n\t\t<img \n\tsrc=\"https:\/\/i0.wp.com\/la-rechapee-belle.com\/wp-content\/uploads\/2018\/02\/B.O.-chambre-a-air-FLECHES.jpg?fit=600%2C400&amp;ssl=1\" width=\"600\" height=\"400\" srcset=\"https:\/\/i0.wp.com\/la-rechapee-belle.com\/wp-content\/uploads\/2018\/02\/B.O.-chambre-a-air-FLECHES.jpg?w=600&amp;ssl=1 600w, https:\/\/i0.wp.com\/la-rechapee-belle.com\/wp-content\/uploads\/2018\/02\/B.O.-chambre-a-air-FLECHES.jpg?resize=300%2C200&amp;ssl=1 300w, https:\/\/i0.wp.com\/la-rechapee-belle.com\/wp-content\/uploads\/2018\/02\/B.O.-chambre-a-air-FLECHES.jpg?resize=272%2C182&amp;ssl=1 272w\" title=\"Fl\u00e8ches - 12 \u20ac\" alt=\"\" \t\tclass=\"so-widget-image\"\/>\n\t<\/div>\n\n<\/div><\/div><\/div><div id=\"pgc-298-1-1\"  class=\"panel-grid-cell\" ><div id=\"panel-298-1-1-0\" class=\"so-panel widget widget_sow-image panel-first-child panel-last-child\" data-index=\"5\" ><div\n\t\t\t\n\t\t\tclass=\"so-widget-sow-image so-widget-sow-image-default-8b5b6f678277-298\"\n\t\t\t\n\t\t>\n<div class=\"sow-image-container\">\n\t\t<img \n\tsrc=\"https:\/\/i0.wp.com\/la-rechapee-belle.com\/wp-content\/uploads\/2018\/02\/B.O.-chambre-a-air-FEUILLES.jpg?fit=600%2C400&amp;ssl=1\" width=\"600\" height=\"400\" srcset=\"https:\/\/i0.wp.com\/la-rechapee-belle.com\/wp-content\/uploads\/2018\/02\/B.O.-chambre-a-air-FEUILLES.jpg?w=600&amp;ssl=1 600w, https:\/\/i0.wp.com\/la-rechapee-belle.com\/wp-content\/uploads\/2018\/02\/B.O.-chambre-a-air-FEUILLES.jpg?resize=300%2C200&amp;ssl=1 300w, https:\/\/i0.wp.com\/la-rechapee-belle.com\/wp-content\/uploads\/2018\/02\/B.O.-chambre-a-air-FEUILLES.jpg?resize=272%2C182&amp;ssl=1 272w\" title=\"Plumes - 12 \u20ac Disponibles en 2 tailles\" alt=\"\" \t\tclass=\"so-widget-image\"\/>\n\t<\/div>\n\n<\/div><\/div><\/div><div id=\"pgc-298-1-2\"  class=\"panel-grid-cell\" ><div id=\"panel-298-1-2-0\" class=\"so-panel widget widget_sow-image panel-first-child panel-last-child\" data-index=\"6\" ><div\n\t\t\t\n\t\t\tclass=\"so-widget-sow-image so-widget-sow-image-default-8b5b6f678277-298\"\n\t\t\t\n\t\t>\n<div class=\"sow-image-container\">\n\t\t<img \n\tsrc=\"https:\/\/i0.wp.com\/la-rechapee-belle.com\/wp-content\/uploads\/2018\/02\/B.O.-chambre-a-air-CLEFS-DE-SOL-.jpg?fit=600%2C400&amp;ssl=1\" width=\"600\" height=\"400\" srcset=\"https:\/\/i0.wp.com\/la-rechapee-belle.com\/wp-content\/uploads\/2018\/02\/B.O.-chambre-a-air-CLEFS-DE-SOL-.jpg?w=600&amp;ssl=1 600w, https:\/\/i0.wp.com\/la-rechapee-belle.com\/wp-content\/uploads\/2018\/02\/B.O.-chambre-a-air-CLEFS-DE-SOL-.jpg?resize=300%2C200&amp;ssl=1 300w, https:\/\/i0.wp.com\/la-rechapee-belle.com\/wp-content\/uploads\/2018\/02\/B.O.-chambre-a-air-CLEFS-DE-SOL-.jpg?resize=272%2C182&amp;ssl=1 272w\" title=\"Clefs de Sol - 12 \u20ac Disponibles en 2 tailles\" alt=\"\" \t\tclass=\"so-widget-image\"\/>\n\t<\/div>\n\n<\/div><\/div><\/div><\/div><div id=\"pg-298-2\"  class=\"panel-grid panel-no-style\" ><div id=\"pgc-298-2-0\"  class=\"panel-grid-cell\" ><div id=\"panel-298-2-0-0\" class=\"so-panel widget widget_sow-image panel-first-child panel-last-child\" data-index=\"7\" ><div\n\t\t\t\n\t\t\tclass=\"so-widget-sow-image so-widget-sow-image-default-8b5b6f678277-298\"\n\t\t\t\n\t\t>\n<div class=\"sow-image-container\">\n\t\t<img \n\tsrc=\"https:\/\/i0.wp.com\/la-rechapee-belle.com\/wp-content\/uploads\/2018\/02\/B.O.-chambre-a-air-FLEURS.jpg?fit=600%2C400&amp;ssl=1\" width=\"600\" height=\"400\" srcset=\"https:\/\/i0.wp.com\/la-rechapee-belle.com\/wp-content\/uploads\/2018\/02\/B.O.-chambre-a-air-FLEURS.jpg?w=600&amp;ssl=1 600w, https:\/\/i0.wp.com\/la-rechapee-belle.com\/wp-content\/uploads\/2018\/02\/B.O.-chambre-a-air-FLEURS.jpg?resize=300%2C200&amp;ssl=1 300w, https:\/\/i0.wp.com\/la-rechapee-belle.com\/wp-content\/uploads\/2018\/02\/B.O.-chambre-a-air-FLEURS.jpg?resize=272%2C182&amp;ssl=1 272w\" title=\"Fleurs - 12 \u20ac\" alt=\"\" \t\tclass=\"so-widget-image\"\/>\n\t<\/div>\n\n<\/div><\/div><\/div><div id=\"pgc-298-2-1\"  class=\"panel-grid-cell\" ><div id=\"panel-298-2-1-0\" class=\"so-panel widget widget_sow-image panel-first-child panel-last-child\" data-index=\"8\" ><div\n\t\t\t\n\t\t\tclass=\"so-widget-sow-image so-widget-sow-image-default-8b5b6f678277-298\"\n\t\t\t\n\t\t>\n<div class=\"sow-image-container\">\n\t\t<img \n\tsrc=\"https:\/\/i0.wp.com\/la-rechapee-belle.com\/wp-content\/uploads\/2018\/02\/B.O.-chambre-a-air-BRINDILLES-LARGES.jpg?fit=600%2C400&amp;ssl=1\" width=\"600\" height=\"400\" srcset=\"https:\/\/i0.wp.com\/la-rechapee-belle.com\/wp-content\/uploads\/2018\/02\/B.O.-chambre-a-air-BRINDILLES-LARGES.jpg?w=600&amp;ssl=1 600w, https:\/\/i0.wp.com\/la-rechapee-belle.com\/wp-content\/uploads\/2018\/02\/B.O.-chambre-a-air-BRINDILLES-LARGES.jpg?resize=300%2C200&amp;ssl=1 300w, https:\/\/i0.wp.com\/la-rechapee-belle.com\/wp-content\/uploads\/2018\/02\/B.O.-chambre-a-air-BRINDILLES-LARGES.jpg?resize=272%2C182&amp;ssl=1 272w\" title=\"Brindilles large - 12 \u20ac Disponibles en 2 tailles\" alt=\"\" \t\tclass=\"so-widget-image\"\/>\n\t<\/div>\n\n<\/div><\/div><\/div><\/div><div id=\"pg-298-3\"  class=\"panel-grid panel-no-style\" ><div id=\"pgc-298-3-0\"  class=\"panel-grid-cell\" ><div id=\"panel-298-3-0-0\" class=\"so-panel widget widget_sow-editor panel-first-child panel-last-child\" data-index=\"9\" ><div\n\t\t\t\n\t\t\tclass=\"so-widget-sow-editor so-widget-sow-editor-base\"\n\t\t\t\n\t\t>\n<div class=\"siteorigin-widget-tinymce textwidget\">\n\t<h3 style=\"text-align: center;\"><span style=\"color: #333300;\">Boucles d'oreilles en chambres \u00e0 air recycl\u00e9es.<\/span><\/h3>\n<p style=\"text-align: center;\"><span style=\"color: #333300;\">Ces boucles d'oreilles sont r\u00e9alis\u00e9es avec des chambres \u00e0 air de camions. Elles sont robustes (les chambres \u00e0 air ont plusieurs milliers de kilom\u00e8tres au compteur lorsqu'elles arrivent chez nous), souples et particuli\u00e8rement l\u00e9g\u00e8res. Certains de ces mod\u00e8les peuvent \u00eatre assortis de colliers, de bracelets ou les deux. Vous pourrez trouver ces articles en visitant les onglets colliers et bracelets.<\/span><\/p>\n<p style=\"text-align: center;\"><em><span style=\"color: #0000ff;\"><span style=\"color: #0000ff;\">Pour savoir quelle bijou commander et \u00e0 quel prix, il suffit de placer le curseur de votre souris sur\u00a0le mod\u00e8le choisi, et vous verrez appara\u00eetre son nom et son prix. Attention, certaines boucles d'oreilles sont disponibles en plusieurs tailles. Elles peuvent \u00eatre mont\u00e9es sur des crochets en argent sur simple demande et moyennant un petit surco\u00fbt. Ce site n'\u00e9tant (pour l'instant) pas un site marchand, contactez-nous gr\u00e2ce au <a href=\"http:\/\/la-rechapee-belle.com\/index.php\/accueil\/\">formulaire<\/a><\/span><\/span><\/em><em><span style=\"color: #0000ff;\"><span style=\"color: #0000ff;\"> pr\u00e9vu \u00e0 cet effet, et nous vous r\u00e9pondrons au plus vite.<\/span><\/span><\/em><\/p>\n<\/div>\n<\/div><\/div><\/div><\/div><div id=\"pg-298-4\"  class=\"panel-grid panel-no-style\" ><div id=\"pgc-298-4-0\"  class=\"panel-grid-cell\" ><div id=\"panel-298-4-0-0\" class=\"so-panel widget widget_spacious_call_to_action_widget widget_call_to_action panel-first-child panel-last-child\" data-index=\"10\" >\t\t<div class=\"call-to-action-content-wrapper clearfix\">\r\n\t\t\t<div class=\"call-to-action-content\">\r\n\t\t\t\t\t\t\t<\/div>\r\n\t\t\t\t\t\t\t<a class=\"call-to-action-button\" href=\"http:\/\/la-rechapee-belle.com\/index.php\/accueil\/\" title=\"Nous contacter\">Nous contacter<\/a>\r\n\t\t\t\t\t\t<\/div>\r\n\t\t<\/div><\/div><\/div><\/div>","protected":false},"excerpt":{"rendered":"<p>Boucles d&rsquo;oreilles en chambres \u00e0 air recycl\u00e9es. Ces boucles d&rsquo;oreilles sont r\u00e9alis\u00e9es avec des chambres \u00e0 air de camions. Elles sont robustes (les chambres \u00e0 air ont plusieurs milliers de kilom\u00e8tres au compteur lorsqu&rsquo;elles arrivent chez nous), souples et particuli\u00e8rement<\/p>\n","protected":false},"author":1,"featured_media":0,"parent":60,"menu_order":0,"comment_status":"closed","ping_status":"closed","template":"","meta":{"_monsterinsights_skip_tracking":false,"_monsterinsights_sitenote_active":false,"_monsterinsights_sitenote_note":"","_monsterinsights_sitenote_category":0,"_uf_show_specific_survey":0,"_uf_disable_surveys":false,"jetpack_post_was_ever_published":false,"footnotes":""},"class_list":["post-298","page","type-page","status-publish","hentry"],"aioseo_notices":[],"jetpack_sharing_enabled":true,"jetpack_shortlink":"https:\/\/wp.me\/P8CAD0-4O","jetpack_likes_enabled":true,"jetpack-related-posts":[],"_links":{"self":[{"href":"https:\/\/la-rechapee-belle.com\/index.php\/wp-json\/wp\/v2\/pages\/298","targetHints":{"allow":["GET"]}}],"collection":[{"href":"https:\/\/la-rechapee-belle.com\/index.php\/wp-json\/wp\/v2\/pages"}],"about":[{"href":"https:\/\/la-rechapee-belle.com\/index.php\/wp-json\/wp\/v2\/types\/page"}],"author":[{"embeddable":true,"href":"https:\/\/la-rechapee-belle.com\/index.php\/wp-json\/wp\/v2\/users\/1"}],"replies":[{"embeddable":true,"href":"https:\/\/la-rechapee-belle.com\/index.php\/wp-json\/wp\/v2\/comments?post=298"}],"version-history":[{"count":35,"href":"https:\/\/la-rechapee-belle.com\/index.php\/wp-json\/wp\/v2\/pages\/298\/revisions"}],"predecessor-version":[{"id":822,"href":"https:\/\/la-rechapee-belle.com\/index.php\/wp-json\/wp\/v2\/pages\/298\/revisions\/822"}],"up":[{"embeddable":true,"href":"https:\/\/la-rechapee-belle.com\/index.php\/wp-json\/wp\/v2\/pages\/60"}],"wp:attachment":[{"href":"https:\/\/la-rechapee-belle.com\/index.php\/wp-json\/wp\/v2\/media?parent=298"}],"curies":[{"name":"wp","href":"https:\/\/api.w.org\/{rel}","templated":true}]}}